{"id":1209,"date":"2022-06-20T09:51:43","date_gmt":"2022-06-20T07:51:43","guid":{"rendered":"https:\/\/hartmanndreyer.ch\/?page_id=1209"},"modified":"2022-06-20T09:51:44","modified_gmt":"2022-06-20T07:51:44","slug":"machen-sie-einen-check-up-fuer-ihr-unternehmen","status":"publish","type":"page","link":"https:\/\/hartmanndreyer.ch\/de\/machen-sie-einen-check-up-fuer-ihr-unternehmen\/","title":{"rendered":"MACHEN SIE EINEN CHECK-UP F\u00dcR IHR UNTERNEHMEN"},"content":{"rendered":"\n<div class=\"wp-block-columns is-layout-flex wp-container-core-columns-is-layout-9d6595d7 wp-block-columns-is-layout-flex\">\n<div class=\"wp-block-column is-layout-flow wp-block-column-is-layout-flow\">\n<div class=\"wp-block-image\"><figure class=\"aligncenter size-large\"><img loading=\"lazy\" decoding=\"async\" width=\"86\" height=\"90\" src=\"https:\/\/hartmanndreyer.ch\/wp-content\/uploads\/constat.jpg\" alt=\"\" class=\"wp-image-1138\"\/><\/figure><\/div>\n\n\n\n<h2 class=\"has-text-align-center wp-block-heading\" id=\"unsere-feststellung\"><strong><em>UNSERE FESTSTELLUNG<\/em><\/strong><\/h2>\n\n\n\n<ul class=\"wp-block-list\"><li>Unternehmen k\u00f6nnten <strong>Rechtsstreitigkeiten vermeiden<\/strong>.<\/li><li>Oft wenden Sie sich <strong>zu sp\u00e4t<\/strong> an uns, wenn ein Rechtsstreit bereits ausgebrochen ist.<\/li><li><strong>Vorbeugen ist besser als heilen!<\/strong><\/li><\/ul>\n<\/div>\n\n\n\n<div class=\"wp-block-column is-layout-flow wp-block-column-is-layout-flow\">\n<div class=\"wp-block-image\"><figure class=\"aligncenter size-large\"><img loading=\"lazy\" decoding=\"async\" width=\"86\" height=\"90\" src=\"https:\/\/hartmanndreyer.ch\/wp-content\/uploads\/solution.jpg\" alt=\"\" class=\"wp-image-1141\"\/><\/figure><\/div>\n\n\n\n<h2 class=\"has-text-align-center wp-block-heading\" id=\"unsere-losung\"><strong><em>UNSERE L\u00d6SUNG<\/em><\/strong><\/h2>\n\n\n\n<ul class=\"wp-block-list\"><li>Pr\u00fcfen Sie die Schwachstellen Ihres Unternehmens mit einem <strong>Check-up<\/strong>.<\/li><li>Probleme sind oft <strong>einfach zu l\u00f6sen<\/strong>.<\/li><li>Manchmal dauert es l\u00e4nger, eine L\u00f6sung zu finden. Die Entscheidung liegt bei Ihnen.<\/li><li><strong>Die Punkte, die wir pr\u00fcfen:<\/strong> Arbeitsvertr\u00e4ge, die wichtigsten Vertr\u00e4ge mit Kunden oder Lieferanten, Mietvertr\u00e4ge, etc.<\/li><\/ul>\n<\/div>\n\n\n\n<div class=\"wp-block-column is-layout-flow wp-block-column-is-layout-flow\">\n<div class=\"wp-block-image\"><figure class=\"aligncenter size-large\"><img loading=\"lazy\" decoding=\"async\" width=\"86\" height=\"90\" src=\"https:\/\/hartmanndreyer.ch\/wp-content\/uploads\/atouts.jpg\" alt=\"\" class=\"wp-image-1144\"\/><\/figure><\/div>\n\n\n\n<h2 class=\"has-text-align-center wp-block-heading\" id=\"unsere-starken\"><strong><em>UNSERE ST\u00c4RKEN<\/em><\/strong><\/h2>\n\n\n\n<ul class=\"wp-block-list\"><li>Wir sind eine bekannte Anwaltskanzlei mit <strong>40 Jahren Erfahrung<\/strong>.<\/li><li>Unsere Kanzlei ist <strong>zweisprachig<\/strong>.<\/li><li>Wir arbeiten multidisziplin\u00e4r. F\u00fcr den Check-up Ihres Unternehmens bilden wir ein <strong>schlagkr\u00e4ftiges Team<\/strong>.<\/li><li>Wir bieten Ihnen ein klares Budget oder einen Fixpreis.<\/li><li>Wir <strong>sorgen f\u00fcr den Follow-up<\/strong>.<\/li><\/ul>\n<\/div>\n<\/div>\n\n\n\n<div class=\"wp-block-pb-accordion-item c-accordion__item js-accordion-item no-js top-border\" data-initially-open=\"false\" data-click-to-close=\"true\" data-auto-close=\"true\" data-scroll=\"false\" data-scroll-offset=\"0\"><h2 id=\"at-12090\" class=\"c-accordion__title js-accordion-controller\" role=\"button\">Bereitzustellende Dokumente<\/h2><div id=\"ac-12090\" class=\"c-accordion__content\">\n<ul class=\"wp-block-list\"><li>Gr\u00fcndungsurkunden \/ Statuten<\/li><li>Mietvertrag f\u00fcr Gesch\u00e4ftsr\u00e4ume<\/li><li>Wichtigste Vertr\u00e4ge: Lieferanten und Kunden<\/li><li>Arbeitsangelegenheiten: Arbeitsvertr\u00e4ge \/ Betriebsordnung<\/li><li>Kommerzielle Vertr\u00e4ge, die den Kunden offeriert werden, und\/oder AGB<\/li><li>Diverse Vertr\u00e4ge mit Dritten (Darlehen, Mandate, etc.)<\/li><li>IT-Vertr\u00e4ge<\/li><li>Evtl. Lizenzvertr\u00e4ge betreffend Patenten, Marken, Design<\/li><li>Angaben zu offenen Forderungen \/ Rechtsstreitigkeiten<\/li><li>Ordentlicher Buchhaltungsabschluss (Bilanz + Erfolgsrechnung Jahr n-1)<\/li><\/ul>\n<\/div><\/div>\n\n\n\n<div class=\"wp-block-pb-accordion-item c-accordion__item js-accordion-item no-js\" data-initially-open=\"false\" data-click-to-close=\"true\" data-auto-close=\"true\" data-scroll=\"false\" data-scroll-offset=\"0\"><h2 id=\"at-12091\" class=\"c-accordion__title js-accordion-controller\" role=\"button\">AGB auf der Website<\/h2><div id=\"ac-12091\" class=\"c-accordion__content\">\n<ol class=\"wp-block-list\"><li>Der &#8222;check up entreprise&#8220; ist ein Vertrag, der zwischen [dem Mandanten], nachfolgend &#8222;Mandant&#8220; genannt, und einem Partner der Kanzlei Hartmann Dreyer, Rechtsanw\u00e4lte und Notare, nachfolgend &#8222;Rechtsanwalt&#8220; genannt, geschlossen wird.<\/li><li>Der Rechtsanwalt pr\u00fcft die vom Mandanten angeforderten und erhaltenen Dokumente und gibt dem Mandanten das Ergebnis der rechtlichen Pr\u00fcfung ab (Check-up).&nbsp;<\/li><li>Der Anwalt wird f\u00fcr diese Pr\u00fcfung 4 Arbeitsstunden aufwenden, wof\u00fcr ein Pauschalhonorar von CHF 500.00 (ohne Mehrwertsteuer) anf\u00e4llt.&nbsp;<\/li><li>Der Rechtsanwalt unterliegt bei dieser Pr\u00fcfung den Regeln seines Berufsstandes, insbesondere dem Berufsgeheimnis.<\/li><\/ol>\n<\/div><\/div>\n\n\n\n<div class=\"wp-block-group\"><div class=\"wp-block-group__inner-container is-layout-flow wp-block-group-is-layout-flow\">\n<figure class=\"wp-block-pullquote is-style-solid-color\"><blockquote><p>Kontakt zu unserem Check-up Team<\/p><cite><a href=\"mailto:check-up@hartmanndreyer.ch\">check-up@hartmanndreyer.ch<\/a><\/cite><\/blockquote><\/figure>\n<\/div><\/div>\n\n\n\n<p><\/p>\n","protected":false},"excerpt":{"rendered":"<p>UNSERE FESTSTELLUNG Unternehmen k\u00f6nnten Rechtsstreitigkeiten vermeiden. Oft wenden Sie sich zu sp\u00e4t an uns, wenn ein Rechtsstreit bereits ausgebrochen ist. Vorbeugen ist besser als heilen! UNSERE L\u00d6SUNG Pr\u00fcfen Sie die Schwachstellen Ihres Unternehmens mit einem Check-up. Probleme sind oft einfach zu l\u00f6sen. Manchmal dauert es l\u00e4nger, eine L\u00f6sung zu finden. Die Entscheidung liegt bei Ihnen. Die Punkte, die wir pr\u00fcfen:&#8230;<\/p>\n","protected":false},"author":3,"featured_media":0,"parent":0,"menu_order":99,"comment_status":"closed","ping_status":"closed","template":"","meta":{"_acf_changed":false,"footnotes":""},"class_list":["post-1209","page","type-page","status-publish","hentry"],"acf":[],"_links":{"self":[{"href":"https:\/\/hartmanndreyer.ch\/de\/wp-json\/wp\/v2\/pages\/1209","targetHints":{"allow":["GET"]}}],"collection":[{"href":"https:\/\/hartmanndreyer.ch\/de\/wp-json\/wp\/v2\/pages"}],"about":[{"href":"https:\/\/hartmanndreyer.ch\/de\/wp-json\/wp\/v2\/types\/page"}],"author":[{"embeddable":true,"href":"https:\/\/hartmanndreyer.ch\/de\/wp-json\/wp\/v2\/users\/3"}],"replies":[{"embeddable":true,"href":"https:\/\/hartmanndreyer.ch\/de\/wp-json\/wp\/v2\/comments?post=1209"}],"version-history":[{"count":9,"href":"https:\/\/hartmanndreyer.ch\/de\/wp-json\/wp\/v2\/pages\/1209\/revisions"}],"predecessor-version":[{"id":1223,"href":"https:\/\/hartmanndreyer.ch\/de\/wp-json\/wp\/v2\/pages\/1209\/revisions\/1223"}],"wp:attachment":[{"href":"https:\/\/hartmanndreyer.ch\/de\/wp-json\/wp\/v2\/media?parent=1209"}],"curies":[{"name":"wp","href":"https:\/\/api.w.org\/{rel}","templated":true}]}}