{"id":632,"date":"2018-10-02T12:41:11","date_gmt":"2018-10-02T10:41:11","guid":{"rendered":"https:\/\/hartmanndreyer.ch\/?page_id=632"},"modified":"2025-11-10T16:29:58","modified_gmt":"2025-11-10T14:29:58","slug":"stellenangebote","status":"publish","type":"page","link":"https:\/\/hartmanndreyer.ch\/de\/stellenangebote\/","title":{"rendered":"Stellenangebote"},"content":{"rendered":"<h2 class=\"post-title single-post-title\">\u00a0<\/h2>\n<section id=\"wrap-content\" class=\"page-content blog-post-single\">\n<div class=\"container\">\n<div class=\"row\">\n<div class=\"col-12 posts-holder\">\n<div id=\"post-45\" class=\"page-holder single-post-content custom-page-template clearfix\">\n<h2>Anwaltspraktikum<\/h2>\n<p>Une <strong>place de stage<\/strong> d&#8217;avocat\u00b7e sera disponible au <strong>1<sup>er<\/sup> janvier 2028<\/strong> (ou \u00e0 une date \u00e0 convenir) aupr\u00e8s de Me Denis Schroeter.<\/p>\n<p><strong>Ce que nous offrons\u00a0<\/strong>:<\/p>\n<ul>\n<li>d\u2019excellentes conditions de travail<\/li>\n<li>le souci de la formation des stagiaires<\/li>\n<li>des t\u00e2ches et des dossiers divers (droit civil et des obligations, droit p\u00e9nal, droit administratif)<\/li>\n<li>une excellente ambiance de travail<\/li>\n<li>le respect des horaires de travail.<\/li>\n<\/ul>\n<p><strong>Ce que nous attendons\u00a0<\/strong>:<\/p>\n<ul>\n<li>une excellente formation juridique en particulier en droit priv\u00e9<\/li>\n<li>une bonne capacit\u00e9 de r\u00e9daction (joindre \u00e0 votre dossier un travail \u00e9crit r\u00e9alis\u00e9 durant vos \u00e9tudes)<\/li>\n<li>une aisance dans les relations sociales<\/li>\n<li>un stage pr\u00e9alable dans un tribunal de 1<sup>\u00e8re<\/sup> instance serait un avantage.<\/li>\n<\/ul>\n<p><strong>Postulation\u00a0<\/strong>: jusqu\u2019au 31 janvier 2026, aupr\u00e8s de Me Denis Schroeter (Bd de P\u00e9rolles 7, 1701 Fribourg, <a href=\"mailto:denis.schroeter@hartmanndreyer.ch\">denis.schroeter@hartmanndreyer.ch<\/a>.<\/p>\n<\/div>\n<h2>\u00a0<\/h2>\n<h2>Neue Partner\/innen<\/h2>\n<p>Unsere Kanzlei ist offen daf\u00fcr, ihr Team durch talentierte Kollegen und Kolleginnen zu erg\u00e4nzen, die den Schritt in die Unabh\u00e4ngigkeit wagen m\u00f6chten.<\/p>\n<p>Wir sind besonders daran interessiert, jungen Kollegen und Kolleginnen eine Chance zu geben.<\/p>\n<p>Wir bieten ein eingespieltes Team, eine hervorragende Atmosph\u00e4re und moderne, optimale Arbeitsbedingungen.<\/p>\n<p>Sind Sie interessiert? Nehmen Sie Kontakt mit einem\/einer der Partner\/innen auf.<\/p>\n<\/div>\n<\/div>\n<\/div>\n<\/section>\n\n\n<p><\/p>\n","protected":false},"excerpt":{"rendered":"<p>\u00a0 Anwaltspraktikum Une place de stage d&#8217;avocat\u00b7e sera disponible au 1er janvier 2028 (ou \u00e0 une date \u00e0 convenir) aupr\u00e8s de Me Denis Schroeter. Ce que nous offrons\u00a0: d\u2019excellentes conditions de travail le souci de la formation des stagiaires des t\u00e2ches et des dossiers divers (droit civil et des obligations, droit p\u00e9nal, droit administratif) une excellente ambiance de travail le&#8230;<\/p>\n","protected":false},"author":4,"featured_media":0,"parent":0,"menu_order":5,"comment_status":"closed","ping_status":"closed","template":"","meta":{"_acf_changed":false,"footnotes":""},"class_list":["post-632","page","type-page","status-publish","hentry"],"acf":[],"_links":{"self":[{"href":"https:\/\/hartmanndreyer.ch\/de\/wp-json\/wp\/v2\/pages\/632","targetHints":{"allow":["GET"]}}],"collection":[{"href":"https:\/\/hartmanndreyer.ch\/de\/wp-json\/wp\/v2\/pages"}],"about":[{"href":"https:\/\/hartmanndreyer.ch\/de\/wp-json\/wp\/v2\/types\/page"}],"author":[{"embeddable":true,"href":"https:\/\/hartmanndreyer.ch\/de\/wp-json\/wp\/v2\/users\/4"}],"replies":[{"embeddable":true,"href":"https:\/\/hartmanndreyer.ch\/de\/wp-json\/wp\/v2\/comments?post=632"}],"version-history":[{"count":31,"href":"https:\/\/hartmanndreyer.ch\/de\/wp-json\/wp\/v2\/pages\/632\/revisions"}],"predecessor-version":[{"id":1452,"href":"https:\/\/hartmanndreyer.ch\/de\/wp-json\/wp\/v2\/pages\/632\/revisions\/1452"}],"wp:attachment":[{"href":"https:\/\/hartmanndreyer.ch\/de\/wp-json\/wp\/v2\/media?parent=632"}],"curies":[{"name":"wp","href":"https:\/\/api.w.org\/{rel}","templated":true}]}}